{"id":703,"date":"2022-10-24T14:47:09","date_gmt":"2022-10-24T14:47:09","guid":{"rendered":"https:\/\/www.pfadfinder-excalibur.de\/?page_id=703"},"modified":"2024-10-19T14:59:58","modified_gmt":"2024-10-19T14:59:58","slug":"sippe-wigamur-2","status":"publish","type":"page","link":"https:\/\/www.pfadfinder-excalibur.de\/index.php\/wir\/sippe-wigamur-2\/","title":{"rendered":"Sippe Wigamur (inaktiv)"},"content":{"rendered":"\n<p><strong>Moin<\/strong>,<\/p>\n\n\n\n<p>Wir sind die <strong>Sippe Wigamur<\/strong>. Bisher sind wir eine reine Jungs-Sippe, derzeitig bestehend aus 9 Rabauken im Alter von <strong>14-15 Jahren<\/strong>, aber wir w\u00fcrden uns auch mal \u00fcber weiblichen Zuwachs freuen. \ud83d\ude42<\/p>\n\n\n\n<p>Wir treffen uns <strong>jeden Donnerstag von 17:00-19:00 Uhr<\/strong> und nutzen diese Zeit um gemeinsam Spa\u00df zu haben, etwas am Feuer zu kochen, uns auszutoben, etwas zu bauen, viel Neues zu lernen oder uns einfach mal entspannt bei Keksen und hei\u00dfem Tee zu unterhalten. Wie bei allen anderen Gruppen treffen wir uns an Feiertagen oder in den Ferien nicht, daf\u00fcr gibt es aber, besonders in den Ferien, coole Fahrten und Lager oder andere Pfadi-Aktionen.<\/p>\n\n\n\n<p>Die gr\u00f6\u00dften dieser Aktionen bisher, waren f\u00fcr unsere Sippe die Fahrt ins Dreil\u00e4ndereck, zwischen Deutschland, Frankreich und der Schweiz, dort sind wir f\u00fcr 10 Tage gewandert um am Ende f\u00fcr 4 Tage auf das Abschlusslager, mit mehreren hundert Pfadfindern zu gelangen und das Bundeslager, wo wir mit insgesamt \u00fcber 5000 Pfadfindern aus ganz Deutschland, aber auch mit Gastgruppen aus zum Beispiel \u00d6sterreich, der T\u00fcrkei, Finnland oder sogar Chile gemeinsam auf dem Lagerplatz in der N\u00e4he von M\u00fcnchen f\u00fcr 10 Tage gechillt, uns ausgetauscht oder neue Freundschaften gekn\u00fcpft haben.<\/p>\n\n\n\n<p>Aber auch andere kleinere Ausfl\u00fcge, gab es bei uns schon, so zum Beispiel das Landessippentreffen, welches ein Wochenende lang ging und bei welchem unsere Sipplinge viele neue Kontakte und Freundschaften geschlossen haben.<\/p>\n","protected":false},"excerpt":{"rendered":"<p>Moin, Wir sind die Sippe Wigamur. Bisher sind wir eine reine Jungs-Sippe, derzeitig bestehend aus 9 Rabauken im Alter von 14-15 Jahren, aber wir w\u00fcrden uns auch mal \u00fcber weiblichen Zuwachs freuen. \ud83d\ude42 Wir treffen uns jeden Donnerstag von 17:00-19:00 Uhr und nutzen diese Zeit um gemeinsam Spa\u00df zu haben, etwas am Feuer zu kochen, [&hellip;]<\/p>\n","protected":false},"author":5,"featured_media":0,"parent":123,"menu_order":0,"comment_status":"closed","ping_status":"closed","template":"","meta":{"footnotes":""},"class_list":["post-703","page","type-page","status-publish","hentry"],"_links":{"self":[{"href":"https:\/\/www.pfadfinder-excalibur.de\/index.php\/wp-json\/wp\/v2\/pages\/703","targetHints":{"allow":["GET"]}}],"collection":[{"href":"https:\/\/www.pfadfinder-excalibur.de\/index.php\/wp-json\/wp\/v2\/pages"}],"about":[{"href":"https:\/\/www.pfadfinder-excalibur.de\/index.php\/wp-json\/wp\/v2\/types\/page"}],"author":[{"embeddable":true,"href":"https:\/\/www.pfadfinder-excalibur.de\/index.php\/wp-json\/wp\/v2\/users\/5"}],"replies":[{"embeddable":true,"href":"https:\/\/www.pfadfinder-excalibur.de\/index.php\/wp-json\/wp\/v2\/comments?post=703"}],"version-history":[{"count":2,"href":"https:\/\/www.pfadfinder-excalibur.de\/index.php\/wp-json\/wp\/v2\/pages\/703\/revisions"}],"predecessor-version":[{"id":811,"href":"https:\/\/www.pfadfinder-excalibur.de\/index.php\/wp-json\/wp\/v2\/pages\/703\/revisions\/811"}],"up":[{"embeddable":true,"href":"https:\/\/www.pfadfinder-excalibur.de\/index.php\/wp-json\/wp\/v2\/pages\/123"}],"wp:attachment":[{"href":"https:\/\/www.pfadfinder-excalibur.de\/index.php\/wp-json\/wp\/v2\/media?parent=703"}],"curies":[{"name":"wp","href":"https:\/\/api.w.org\/{rel}","templated":true}]}}