{"id":627,"date":"2020-12-02T20:46:21","date_gmt":"2020-12-02T20:46:21","guid":{"rendered":"https:\/\/www.pfadfinder-excalibur.de\/?page_id=627"},"modified":"2025-05-05T12:21:13","modified_gmt":"2025-05-05T12:21:13","slug":"sippenhuette-helsa","status":"publish","type":"page","link":"https:\/\/www.pfadfinder-excalibur.de\/index.php\/wir\/stammesheim\/sippenhuette-helsa\/","title":{"rendered":"Sippenh\u00fctte Helsa"},"content":{"rendered":"<p>Die sogenannte Pfarrh\u00fctte im sch\u00f6nen und abgeschiedenen Lautenbachtal bei Helsa wurde von einem nordhessischen Pfadfinderkreis f\u00fcr Pfadfinderaktivit\u00e4ten gepachtet. Ehemals war dort der BdP-Stamm Navajo beheimatet.<br \/>Die H\u00fctte ist gut geeignet f\u00fcr etwa 15 Personen.<br \/>In der Vergangenheit haben wir schon Planungswochenenden und Sippenlager dort veranstaltet und hatten viel Spa\u00df.<\/p>\n<p>Falls ihr Interesse habt, die H\u00fctte zu mieten, meldet euch bei klaus.pilsl@gmx.de oder besucht die Homepage <a href=\"http:\/\/helsahuette-pfadfinden.de\/\">http:\/\/helsahuette-pfadfinden.de\/<\/a><\/p>\n\n\n<h3 class=\"wp-block-heading\">Kontakte des Eltern- und Freundeskreis nordhessischer Pfadfinder e.V.<\/h3>\n\n\n\n<h4 class=\"wp-block-heading\"><\/h4>\n\n\n\n<h4 class=\"wp-block-heading\">H\u00fcttenwart (2. Vorsitzender):<\/h4>\n\n\n\n<p>Klaus R. Pilsl<\/p>\n\n\n\n<p>Schillerstra\u00dfe 16 \/ 34376 Immenhausen<\/p>\n\n\n\n<p>Tel.: 05673\/6186 \/ Mail: Klaus.pilsl@gmx.de<\/p>\n\n\n\n<p><\/p>\n","protected":false},"excerpt":{"rendered":"<p>Die sogenannte Pfarrh\u00fctte im sch\u00f6nen und abgeschiedenen Lautenbachtal bei Helsa wurde von einem nordhessischen Pfadfinderkreis f\u00fcr Pfadfinderaktivit\u00e4ten gepachtet. Ehemals war dort der BdP-Stamm Navajo beheimatet.Die H\u00fctte ist gut geeignet f\u00fcr etwa 15 Personen.In der Vergangenheit haben wir schon Planungswochenenden und Sippenlager dort veranstaltet und hatten viel Spa\u00df. Falls ihr Interesse habt, die H\u00fctte zu mieten, [&hellip;]<\/p>\n","protected":false},"author":5,"featured_media":525,"parent":195,"menu_order":0,"comment_status":"closed","ping_status":"closed","template":"","meta":{"footnotes":""},"class_list":["post-627","page","type-page","status-publish","has-post-thumbnail","hentry"],"_links":{"self":[{"href":"https:\/\/www.pfadfinder-excalibur.de\/index.php\/wp-json\/wp\/v2\/pages\/627","targetHints":{"allow":["GET"]}}],"collection":[{"href":"https:\/\/www.pfadfinder-excalibur.de\/index.php\/wp-json\/wp\/v2\/pages"}],"about":[{"href":"https:\/\/www.pfadfinder-excalibur.de\/index.php\/wp-json\/wp\/v2\/types\/page"}],"author":[{"embeddable":true,"href":"https:\/\/www.pfadfinder-excalibur.de\/index.php\/wp-json\/wp\/v2\/users\/5"}],"replies":[{"embeddable":true,"href":"https:\/\/www.pfadfinder-excalibur.de\/index.php\/wp-json\/wp\/v2\/comments?post=627"}],"version-history":[{"count":5,"href":"https:\/\/www.pfadfinder-excalibur.de\/index.php\/wp-json\/wp\/v2\/pages\/627\/revisions"}],"predecessor-version":[{"id":833,"href":"https:\/\/www.pfadfinder-excalibur.de\/index.php\/wp-json\/wp\/v2\/pages\/627\/revisions\/833"}],"up":[{"embeddable":true,"href":"https:\/\/www.pfadfinder-excalibur.de\/index.php\/wp-json\/wp\/v2\/pages\/195"}],"wp:featuredmedia":[{"embeddable":true,"href":"https:\/\/www.pfadfinder-excalibur.de\/index.php\/wp-json\/wp\/v2\/media\/525"}],"wp:attachment":[{"href":"https:\/\/www.pfadfinder-excalibur.de\/index.php\/wp-json\/wp\/v2\/media?parent=627"}],"curies":[{"name":"wp","href":"https:\/\/api.w.org\/{rel}","templated":true}]}}