{"id":606,"date":"2020-11-24T19:49:37","date_gmt":"2020-11-24T19:49:37","guid":{"rendered":"https:\/\/www.pfadfinder-excalibur.de\/?page_id=606"},"modified":"2020-12-02T20:43:10","modified_gmt":"2020-12-02T20:43:10","slug":"stammesrat","status":"publish","type":"page","link":"https:\/\/www.pfadfinder-excalibur.de\/index.php\/wir\/stammesrat\/","title":{"rendered":"Stammesrat"},"content":{"rendered":"\n<p>Wir sind zusammengefasst alle die aus den Sippen rausgewachsen sind und noch mega Bock haben die Pfadfinderei in Immenhausen voran zu bringen.<\/p>\n\n\n\n<p>Hier treffen sich die Meuten-, Sippen-, Stammesf\u00fchrung und noch viele weitere. Alle zwei Wochen treffen wir uns um die n\u00e4chsten Lager und Fahrten zu planen und den aktuellen Stand in den Gruppen zu reflektieren. Wie wollen wir den n\u00e4chsten Weihnachtsmarkt veranstalten? Wer kommt mit zum Pfingstlager-Planungstreffen? Wer schreibt die Anmeldung zum Bauwochenende? Inwiefern sind wir als Pfadfinder f\u00fcr die Entwicklung unserer Mitglieder verantwortlich? Was geben wir ihnen mit?<\/p>\n","protected":false},"excerpt":{"rendered":"<p>Wir sind zusammengefasst alle die aus den Sippen rausgewachsen sind und noch mega Bock haben die Pfadfinderei in Immenhausen voran zu bringen. Hier treffen sich die Meuten-, Sippen-, Stammesf\u00fchrung und noch viele weitere. Alle zwei Wochen treffen wir uns um die n\u00e4chsten Lager und Fahrten zu planen und den aktuellen Stand in den Gruppen zu [&hellip;]<\/p>\n","protected":false},"author":5,"featured_media":537,"parent":123,"menu_order":0,"comment_status":"closed","ping_status":"closed","template":"","meta":{"footnotes":""},"class_list":["post-606","page","type-page","status-publish","has-post-thumbnail","hentry"],"_links":{"self":[{"href":"https:\/\/www.pfadfinder-excalibur.de\/index.php\/wp-json\/wp\/v2\/pages\/606","targetHints":{"allow":["GET"]}}],"collection":[{"href":"https:\/\/www.pfadfinder-excalibur.de\/index.php\/wp-json\/wp\/v2\/pages"}],"about":[{"href":"https:\/\/www.pfadfinder-excalibur.de\/index.php\/wp-json\/wp\/v2\/types\/page"}],"author":[{"embeddable":true,"href":"https:\/\/www.pfadfinder-excalibur.de\/index.php\/wp-json\/wp\/v2\/users\/5"}],"replies":[{"embeddable":true,"href":"https:\/\/www.pfadfinder-excalibur.de\/index.php\/wp-json\/wp\/v2\/comments?post=606"}],"version-history":[{"count":3,"href":"https:\/\/www.pfadfinder-excalibur.de\/index.php\/wp-json\/wp\/v2\/pages\/606\/revisions"}],"predecessor-version":[{"id":626,"href":"https:\/\/www.pfadfinder-excalibur.de\/index.php\/wp-json\/wp\/v2\/pages\/606\/revisions\/626"}],"up":[{"embeddable":true,"href":"https:\/\/www.pfadfinder-excalibur.de\/index.php\/wp-json\/wp\/v2\/pages\/123"}],"wp:featuredmedia":[{"embeddable":true,"href":"https:\/\/www.pfadfinder-excalibur.de\/index.php\/wp-json\/wp\/v2\/media\/537"}],"wp:attachment":[{"href":"https:\/\/www.pfadfinder-excalibur.de\/index.php\/wp-json\/wp\/v2\/media?parent=606"}],"curies":[{"name":"wp","href":"https:\/\/api.w.org\/{rel}","templated":true}]}}