{"id":60,"date":"2018-10-28T10:26:23","date_gmt":"2018-10-28T10:26:23","guid":{"rendered":"https:\/\/www.pfadfinder-excalibur.de\/?page_id=60"},"modified":"2022-10-24T16:14:11","modified_gmt":"2022-10-24T16:14:11","slug":"dsgvo","status":"publish","type":"page","link":"https:\/\/www.pfadfinder-excalibur.de\/index.php\/impressum\/dsgvo\/","title":{"rendered":"DSGVO"},"content":{"rendered":"<h4>Verantwortliche gem. Art. 4 DSGVO: Die Stammesf\u00fchrung<\/h4>\n<p>Bund der Pfadfinderinnen und Pfadfinder (BdP), Stamm Excalibur<br \/>Lohweg<br \/>34376 Immenhausen<\/p>\n<p><blockquote class=\"wp-embedded-content\" data-secret=\"3bwPVzRMK4\"><a href=\"https:\/\/www.pfadfinder-excalibur.de\/\">Willkommen<\/a><\/blockquote><iframe loading=\"lazy\" title=\"&#8222;Willkommen&#8220; &#8212; Stamm Excalibur\" class=\"wp-embedded-content\" sandbox=\"allow-scripts\" security=\"restricted\" style=\"position: absolute; clip: rect(1px, 1px, 1px, 1px);\" src=\"https:\/\/www.pfadfinder-excalibur.de\/embed\/#?secret=3bwPVzRMK4\" data-secret=\"3bwPVzRMK4\" width=\"600\" height=\"338\" frameborder=\"0\" marginwidth=\"0\" marginheight=\"0\" scrolling=\"no\"><\/iframe><\/p>\n<p>vertretungsberechtigter Vorstand: <em>Jakob Hobein, Paul Loos, Nina Schneider, Paul Fischer<br \/><\/em><\/p>\n<p>Impressum: https:\/\/www.pfadfinder-excalibur.de\/index.php\/impressum\u00a0<\/p>\n<p>\u00a0<\/p>\n<h4>Betroffene Personenkategorien<\/h4>\n<ul>\n<li>an unseren Veranstaltungen teilnehmende Mitglieder*innen.<\/li>\n<li>an unseren Veranstaltungen teilnehmende Personen von au\u00dfen.<\/li>\n<li>Erziehungsberechtigte bei minderj\u00e4hrigen Teilnehmer*innen<\/li>\n<li>Besucher*innen- und Nutzer*innen unseren Online-Angebotes<\/li>\n<\/ul>\n<h4>Arten betroffener Daten<\/h4>\n<ul>\n<li>Bestandsdaten (z.B. Name, Anschrift, Geburtsdatum, Geschlecht)<\/li>\n<li>Kontaktdaten (z.B. Telefon- &amp; Handynummer, E-Mail-Adresse)<\/li>\n<li>Gesundheitsdaten (z.B. gesundheitliche Einschr\u00e4nkungen, Erkrankungen, ben\u00f6tigte Medikamente)<\/li>\n<li>Inhaltsdaten (z.B. Texteingaben, Fotografien, Videos)<\/li>\n<li>Zahlungsdaten (z.B. Bankverbindung, Zahlungshistorie)<\/li>\n<\/ul>\n<h4>Zweck der Verarbeitung<\/h4>\n<p>Um an unseren Veranstaltungen teilnehmen zu k\u00f6nnen, m\u00fcssen wir wissen, wer Du bist und wie wir Dich erreichen k\u00f6nnen. Nach der Veranstaltung wollen wir au\u00dferdem Zusch\u00fcsse beantragen und m\u00fcssen deshalb einige Daten von Dir angeben. Da unsere Veranstaltungen nat\u00fcrlich auch Geld kosten, m\u00fcssen wir eine Abrechnung machen. Als Verein m\u00fcssen wir bestimmte Daten, die damit zusammenh\u00e4ngen einige Jahre aufbewahren. Geburtsdatum und Geschlecht ben\u00f6tigen wir f\u00fcr die Planung von Programm. Da wir nicht wollen, dass es Dir w\u00e4hrend eines Lagers schlecht geht, m\u00fcssen wir wissen, ob du bestimmte Medikamente nimmst, ob du Vorerkrankungen hast oder ob du bestimmte Dinge nicht vertr\u00e4gst, auf die wir achten m\u00fcssen. Sollte doch mal was passieren, brauchen wir die Kontaktdaten Deiner Erziehungsberechtigten oder vielleicht sogar den Namen deines Hausarztes. Auf der Veranstaltung werden Bilder gemacht, auf denen du bestimmt zu sehen bist. Wir wollen diese Bilder f\u00fcr unsere \u00d6ffentlichkeitsarbeit nutzen, aber nat\u00fcrlich nur, wenn Du oder Deine Erziehungsberechtigen vorher zugestimmt haben. Dieser Zustimmung kann jeder Zeit widersprochen werden.<\/p>\n<p>All diese Zwecke ergeben sich aus unserem Vereinszweck, siehe \u00a7 2 BdP Bundessatzung unter\u00a0<a href=\"https:\/\/meinbdp.de\/pages\/viewpage.action?pageId=3113050\">https:\/\/meinbdp.de\/pages\/viewpage.action?pageId=3113050<\/a>.<\/p>\n<h4>Rechtsgrundlagen<\/h4>\n<p>Mit deiner Anmeldung zum Verein und danach zu jeder Veranstaltung gibst du deine Einwilligung zur Verarbeitung deiner Daten f\u00fcr die Zeit deiner Mitgliedschaft und und f\u00fcr die entsprechenden Veranstaltungen. Wenn Du die Anmeldung unterschreibst, schlie\u00dft Du mit uns einen Vertrag: Wir verpflichten uns, Veranstaltungen durchzuf\u00fchren, f\u00fcr Dich und Dein Wohlergehen zu sorgen und Du verpflichtest Dich dazu, an den Veranstaltungen teilzunehmen. Dazu ben\u00f6tigen wir Daten von Dir.\u00a0 Wenn wir Dich auf einer Veranstaltung betreuen (Art. 6 Abs. 1 lit. c DSGVO), haben wir weitere rechtliche Verpflichtungen, insbesondere im Bereich der Gesundheitsdaten, um dir einen sicheren Aufenthalt zu erm\u00f6glichen und im Falle eines gesundheitlichen Vorfalles schnell und sicher handeln zu k\u00f6nnen. Um z. B. Zusch\u00fcsse zu beantragen, die unsere Arbeit \u00fcberhaupt erst erm\u00f6glichen, oder um neue Mitglieder mit sch\u00f6nen Fotos oder \u00e4hnlichem zu werben, haben wir als Stamm ein Interesse, diese Fotos zu verwenden. Wir fordern daf\u00fcr einmal pro Jahr eine Fotoerlaubnis von euch ein. Dabei achten wir aber besonders auch auf Deine Interessen und Rechte (Art. 6 Abs. 1 lit. f DSGVO). Die genannten Artikel findest du hier:\u00a0<a href=\"https:\/\/dsgvo-gesetz.de\/art-6-dsgvo\/\">https:\/\/dsgvo-gesetz.de\/art-6-dsgvo\/<\/a>, hier:\u00a0<a href=\"https:\/\/dsgvo-gesetz.de\/art-7-dsgvo\/\">https:\/\/dsgvo-gesetz.de\/art-7-dsgvo\/<\/a>\u00a0und hier:\u00a0<a href=\"https:\/\/dsgvo-gesetz.de\/art-9-dsgvo\/\">https:\/\/dsgvo-gesetz.de\/art-9-dsgvo\/<\/a>.\u00a0Die Ver\u00f6ffentlichung von Fotos geschieht durch Deine Einwilligung, sowie den Charakter der Veranstaltung zus\u00e4tzlich auf Basis von\u00a0<a href=\"https:\/\/www.gesetze-im-internet.de\/kunsturhg\/__22.html\">\u00a7\u00a7 22<\/a>\u00a0und\u00a0<a href=\"https:\/\/www.gesetze-im-internet.de\/kunsturhg\/__23.html\">23 KUG<\/a>.<\/p>\n<h4>Deine Rechte<\/h4>\n<ul>\n<li>Du hast immer das Recht auf Auskunft. Das hei\u00dft, dass du von uns verlangen kannst, dass wir dir sagen, welche Daten wir von dir wof\u00fcr gespeichert haben.<\/li>\n<li>Du hast immer das Recht auf Korrektur. Das hei\u00dft, dass du von uns verlangen kannst, dass wir falsche Daten von dir berichtigen.<\/li>\n<li>Du hast immer das Recht auf L\u00f6schung oder auf Einschr\u00e4nkung. Das hei\u00dft, dass du von uns verlangen kannst, dass wir deine Daten l\u00f6schen oder nur noch eingeschr\u00e4nkt verarbeiten.<\/li>\n<li>Du hast immer das Recht auf Daten\u00fcbertragbarkeit. Das hei\u00dft, dass du von uns verlangen kannst, dass wir deine Daten an jemand anders weitergeben.<\/li>\n<li>Du hast immer das Recht auf Widerruf deiner Einwilligungen.<\/li>\n<\/ul>\n<p>Diese Rechte beziehen sich auf die Art. 15\u201321 DSGVO. Du findest sie hier:\u00a0<a href=\"https:\/\/dsgvo-gesetz.de\/kapitel-3\/\">https:\/\/dsgvo-gesetz.de\/kapitel-3\/<\/a><\/p>\n<p>Bitte beachte, dass wir einen Teil deiner Daten eventuell weiter benutzen m\u00fcssen und d\u00fcrfen, um z.B. f\u00fcr deine Sicherheit zu sorgen oder unseren rechtlichen Verpflichtungen nachzukommen.<\/p>\n<p>Wenn du eines deiner Rechte aus\u00fcben m\u00f6chtest, dann wende dich an die Stammesf\u00fchrung unter:<\/p>\n<p><a href=\"mailto:johann.h.hobein@gmail.com\">johann.hobein@pfadfinden.de<\/a><\/p>\n<p>\u00a0<\/p>\n<ul>\n<li>Du darfst dich au\u00dferdem bei der f\u00fcr uns zust\u00e4ndigen staatlichen Aufsichtsbeh\u00f6rde beschweren, wenn wir mit deinen Daten nicht ordnungsgem\u00e4\u00df umgehen. Die Landesbeauftragte f\u00fcr Datenschutz erreichst du unter\u00a0https:\/\/datenschutz.hessen.de\/. Dieses Recht hast du nach Art. 77 DSGVO, den du hier findest:\u00a0<a href=\"https:\/\/dsgvo-gesetz.de\/art-77-dsgvo\/\">https:\/\/dsgvo-gesetz.de\/art-77-dsgvo\/<\/a>.<\/li>\n<\/ul>\n<h4>Aufbewahrungsfrist<\/h4>\n<p>Wir behalten Deine Daten nur so lange, wie wir sie ben\u00f6tigen. In der Regel werden sie ca. einen Monat nach Ende der Veranstaltung gel\u00f6scht, bzw. vernichtet. Manchmal sind\u00a0 l\u00e4ngere Aufbewahrungsfristen notwendig, z.B. wenn wir\u00a0 Teilnahmelisten zum hjr (Hessischer Jugendring), der Stiftung Pfadfinden, etc. zusenden, um Zusch\u00fcsse zu beantragen. Anders ist es bei allem, was mit der Abrechnung in Zusammenhang der Veranstaltung steht (Buchhaltung); dort ist die gesetzliche Aufbewahrungsfrist eine andere und ergibt sich aus \u00a7\u00a7 147 Abs. 1 AO, 257 Abs. 1 Nr. 1\u20134, Abs. 4 HGB und betr\u00e4gt zwischen 6 und 10 Jahren.<\/p>\n<p>Wir l\u00f6schen so schnell wie m\u00f6glich und bewahren nur das auf, was wirklich notwendig ist!<\/p>\n<p>\u00a0<\/p>\n<h4>Zugriffsberechtigung (z.B. Auftragsdatenverarbeitung)<\/h4>\n<p>Wir versuchen den Kreis derjenigen, die auf deine Daten Zugriff haben, so klein wie m\u00f6glich zu halten. In der Regel hat ausschlie\u00dflich die Stammesf\u00fchrung, deine Gruppenleitung, die Veranstaltungsleitung, die K\u00fcche der Veranstaltung, die kassenverantwortliche Person der Veranstaltung sowie das erste Hilfe Personal der Veranstaltung Zugriff auf deine Daten. Wenn Du z.B. ins Krankenhaus musst oder f\u00fcr eine bestimmte Aufgabe bei der Veranstaltung, kann es n\u00f6tig sein, dass auch andere Gruppenleitungen vollen oder teilweisen Zugriff auf Deine Daten bekommen. Bei allen Zugriffen von Mitgliedern des Stammes handelt es sich nicht um eine Auftragsverarbeitung.<\/p>\n<p>Da wir untereinander auch E-Mails verschicken und manche Daten in unsere interne Cloud einarbeiten, werden Deine Daten auch digital verarbeitet und weitergegeben. Dabei achten wir auf die Datensicherheit.<\/p>\n<p>Manchmal m\u00fcssen wir bestimmte Daten an Menschen und Institutionen geben, die nicht Mitglied in unserem Stamm sind. Diese Information erh\u00e4ltst Du dann auf der Veranstaltung. Wenn wir Daten an einen solchen Auftragsverarbeiter weitergeben, erfolgt das nach Art. 6 Abs. 1 lit. f DSGVO. Dazu schlie\u00dfen wir mit diesen Personen einen Vertrag, der diese Menschen oder Institutionen verpflichtet, sorgf\u00e4ltig mit deinen Daten umzugehen und sie schnellstm\u00f6glich zu l\u00f6schen.<\/p>\n<h4>Noch Fragen?<\/h4>\n<p>Dann wende Dich an die Stammesf\u00fchrung.<\/p>\n<p><a href=\"https:\/\/www.pfadfinder-excalibur.de\/wp-content\/uploads\/2018\/10\/DSGVO-Allgemeine-Datenschutzerkl\u00e4rung-1.docx\">DSGVO Allgemeine Datenschutzerkl\u00e4rung<\/a><\/p>\n\n\n<p><\/p>\n","protected":false},"excerpt":{"rendered":"<p>Verantwortliche gem. Art. 4 DSGVO: Die Stammesf\u00fchrung Bund der Pfadfinderinnen und Pfadfinder (BdP), Stamm ExcaliburLohweg34376 Immenhausen Willkommen vertretungsberechtigter Vorstand: Jakob Hobein, Paul Loos, Nina Schneider, Paul Fischer Impressum: https:\/\/www.pfadfinder-excalibur.de\/index.php\/impressum\u00a0 \u00a0 Betroffene Personenkategorien an unseren Veranstaltungen teilnehmende Mitglieder*innen. an unseren Veranstaltungen teilnehmende Personen von au\u00dfen. Erziehungsberechtigte bei minderj\u00e4hrigen Teilnehmer*innen Besucher*innen- und Nutzer*innen unseren Online-Angebotes Arten betroffener [&hellip;]<\/p>\n","protected":false},"author":3,"featured_media":81,"parent":53,"menu_order":1,"comment_status":"closed","ping_status":"closed","template":"","meta":{"footnotes":""},"class_list":["post-60","page","type-page","status-publish","has-post-thumbnail","hentry"],"_links":{"self":[{"href":"https:\/\/www.pfadfinder-excalibur.de\/index.php\/wp-json\/wp\/v2\/pages\/60","targetHints":{"allow":["GET"]}}],"collection":[{"href":"https:\/\/www.pfadfinder-excalibur.de\/index.php\/wp-json\/wp\/v2\/pages"}],"about":[{"href":"https:\/\/www.pfadfinder-excalibur.de\/index.php\/wp-json\/wp\/v2\/types\/page"}],"author":[{"embeddable":true,"href":"https:\/\/www.pfadfinder-excalibur.de\/index.php\/wp-json\/wp\/v2\/users\/3"}],"replies":[{"embeddable":true,"href":"https:\/\/www.pfadfinder-excalibur.de\/index.php\/wp-json\/wp\/v2\/comments?post=60"}],"version-history":[{"count":6,"href":"https:\/\/www.pfadfinder-excalibur.de\/index.php\/wp-json\/wp\/v2\/pages\/60\/revisions"}],"predecessor-version":[{"id":747,"href":"https:\/\/www.pfadfinder-excalibur.de\/index.php\/wp-json\/wp\/v2\/pages\/60\/revisions\/747"}],"up":[{"embeddable":true,"href":"https:\/\/www.pfadfinder-excalibur.de\/index.php\/wp-json\/wp\/v2\/pages\/53"}],"wp:featuredmedia":[{"embeddable":true,"href":"https:\/\/www.pfadfinder-excalibur.de\/index.php\/wp-json\/wp\/v2\/media\/81"}],"wp:attachment":[{"href":"https:\/\/www.pfadfinder-excalibur.de\/index.php\/wp-json\/wp\/v2\/media?parent=60"}],"curies":[{"name":"wp","href":"https:\/\/api.w.org\/{rel}","templated":true}]}}