{"id":195,"date":"2019-01-18T21:39:24","date_gmt":"2019-01-18T21:39:24","guid":{"rendered":"https:\/\/www.pfadfinder-excalibur.de\/?page_id=195"},"modified":"2024-10-30T13:35:45","modified_gmt":"2024-10-30T13:35:45","slug":"stammesheim","status":"publish","type":"page","link":"https:\/\/www.pfadfinder-excalibur.de\/index.php\/wir\/stammesheim\/","title":{"rendered":"Stammesheim"},"content":{"rendered":"<h3>Das Bienenhaus<\/h3>\n<p>Unsere Gruppenstunden finden im &#8222;Bienenhaus&#8220; statt. Dies ist ein kleines H\u00e4uschen an Freizeitanlage &#8222;Gro\u00dfes Loh&#8220;. Man findet drinnen eine K\u00fcche, einen Gruppenraum und eine Schlafm\u00f6glichkeit f\u00fcr bis zu 15 Personen (wobei es dann schon kuschelig werden kann). Auch im Winter ist es durch unseren Ofen schnell warm. Stromversorgung gibt es keine, wir beziehen nur den Strom f\u00fcr unser Licht aus einem Solarmodul (Im Winter reicht das Licht manchmal leider nicht aus, aber bei Kerzenlicht ist es ja auch gem\u00fctlicher!)<\/p>\n<p>Zum Grundst\u00fcck geh\u00f6rt noch ein kleiner Garten, wo 2-3 Kohten und eine Jurte aufgestellt werden k\u00f6nnen. Bei gr\u00f6\u00dferen Veranstaltungen kann die Freizeitanlage &#8222;Gro\u00dfes Loh&#8220; dazugemietet werden. (hierzu die Stadt Immenhausen anfragen).<\/p>\n<p>Auch die Abende kann man gem\u00fctlich an der Feuerstelle ausklingen lassen oder sich den Magen mit selbstgebackener Pizza aus dem Pizzaofen vollschlagen.<\/p>\n<p>Die N\u00e4he zum Reinhardswald macht das Bienenhaus also zum Beispiel zu einer guten \u00dcbernachtungsm\u00f6glichkeit auf Fahrt.<\/p>\n<p>Falls ihr Interesse bekommen habt, sprecht uns doch einfach an!<\/p>\n<p>Link f\u00fcr Google Maps:<\/p>\n<p><a href=\"https:\/\/www.google.com.br\/maps\/@51.4330273,9.4902645,219m\/data=!3m1!1e3\">https:\/\/www.google.com.br\/maps\/@51.4330273,9.4902645,219m\/data=!3m1!1e3<\/a><\/p>\n<h3><u>Heimwart <\/u>(Vermietungen des Bienenhauses)<\/h3>\n<p><strong>Anika Crema<\/strong><\/p>\n<p>0174 \/ 2158467<\/p>\n<p>&nbsp;<\/p>\n\n\n<figure class=\"wp-block-image size-full\"><img loading=\"lazy\" decoding=\"async\" width=\"1536\" height=\"2048\" src=\"https:\/\/www.pfadfinder-excalibur.de\/wp-content\/uploads\/2024\/10\/PHOTO-2024-10-16-19-32-04.jpg\" alt=\"\" class=\"wp-image-821\" srcset=\"https:\/\/www.pfadfinder-excalibur.de\/wp-content\/uploads\/2024\/10\/PHOTO-2024-10-16-19-32-04.jpg 1536w, https:\/\/www.pfadfinder-excalibur.de\/wp-content\/uploads\/2024\/10\/PHOTO-2024-10-16-19-32-04-225x300.jpg 225w, https:\/\/www.pfadfinder-excalibur.de\/wp-content\/uploads\/2024\/10\/PHOTO-2024-10-16-19-32-04-768x1024.jpg 768w, https:\/\/www.pfadfinder-excalibur.de\/wp-content\/uploads\/2024\/10\/PHOTO-2024-10-16-19-32-04-1152x1536.jpg 1152w\" sizes=\"auto, (max-width: 1536px) 100vw, 1536px\" \/><\/figure>\n","protected":false},"excerpt":{"rendered":"<p>Das Bienenhaus Unsere Gruppenstunden finden im &#8222;Bienenhaus&#8220; statt. Dies ist ein kleines H\u00e4uschen an Freizeitanlage &#8222;Gro\u00dfes Loh&#8220;. Man findet drinnen eine K\u00fcche, einen Gruppenraum und eine Schlafm\u00f6glichkeit f\u00fcr bis zu 15 Personen (wobei es dann schon kuschelig werden kann). Auch im Winter ist es durch unseren Ofen schnell warm. Stromversorgung gibt es keine, wir beziehen [&hellip;]<\/p>\n","protected":false},"author":4,"featured_media":660,"parent":123,"menu_order":0,"comment_status":"closed","ping_status":"closed","template":"","meta":{"footnotes":""},"class_list":["post-195","page","type-page","status-publish","has-post-thumbnail","hentry"],"_links":{"self":[{"href":"https:\/\/www.pfadfinder-excalibur.de\/index.php\/wp-json\/wp\/v2\/pages\/195","targetHints":{"allow":["GET"]}}],"collection":[{"href":"https:\/\/www.pfadfinder-excalibur.de\/index.php\/wp-json\/wp\/v2\/pages"}],"about":[{"href":"https:\/\/www.pfadfinder-excalibur.de\/index.php\/wp-json\/wp\/v2\/types\/page"}],"author":[{"embeddable":true,"href":"https:\/\/www.pfadfinder-excalibur.de\/index.php\/wp-json\/wp\/v2\/users\/4"}],"replies":[{"embeddable":true,"href":"https:\/\/www.pfadfinder-excalibur.de\/index.php\/wp-json\/wp\/v2\/comments?post=195"}],"version-history":[{"count":11,"href":"https:\/\/www.pfadfinder-excalibur.de\/index.php\/wp-json\/wp\/v2\/pages\/195\/revisions"}],"predecessor-version":[{"id":822,"href":"https:\/\/www.pfadfinder-excalibur.de\/index.php\/wp-json\/wp\/v2\/pages\/195\/revisions\/822"}],"up":[{"embeddable":true,"href":"https:\/\/www.pfadfinder-excalibur.de\/index.php\/wp-json\/wp\/v2\/pages\/123"}],"wp:featuredmedia":[{"embeddable":true,"href":"https:\/\/www.pfadfinder-excalibur.de\/index.php\/wp-json\/wp\/v2\/media\/660"}],"wp:attachment":[{"href":"https:\/\/www.pfadfinder-excalibur.de\/index.php\/wp-json\/wp\/v2\/media?parent=195"}],"curies":[{"name":"wp","href":"https:\/\/api.w.org\/{rel}","templated":true}]}}