{"id":145,"date":"2018-12-02T10:34:18","date_gmt":"2018-12-02T10:34:18","guid":{"rendered":"https:\/\/www.pfadfinder-excalibur.de\/?page_id=145"},"modified":"2020-12-02T20:51:14","modified_gmt":"2020-12-02T20:51:14","slug":"meute-merlin","status":"publish","type":"page","link":"https:\/\/www.pfadfinder-excalibur.de\/index.php\/wir\/meute-merlin\/","title":{"rendered":"Meute Merlin"},"content":{"rendered":"\n<p>Wir, die Meute Merlin, sind zwischen 6 und 11 Jahre alt und unsere Meutenstunden finden w\u00f6chentlich dienstags (au\u00dfer in den Ferien) von 17-19 Uhr statt. Gemeinsam mit unseren Meutenf\u00fchrungen verbringen wir unsere Zeit vor allem drau\u00dfen, spielen Spiele oder basteln in unserem Bienenhaus. Du m\u00f6chtest andere in deinem Alter kennenlernen, dich austoben und viel Spa\u00df haben? Dann w\u00fcrden wir uns freuen, wenn du mal in unserer Meutenstunde vorbeischauen w\u00fcrdest.<\/p>\n\n\n\n<p>Gut Jagd,<\/p>\n\n\n\n<p>die Meute Merlin<\/p>\n","protected":false},"excerpt":{"rendered":"<p>Wir, die Meute Merlin, sind zwischen 6 und 11 Jahre alt und unsere Meutenstunden finden w\u00f6chentlich dienstags (au\u00dfer in den Ferien) von 17-19 Uhr statt. Gemeinsam mit unseren Meutenf\u00fchrungen verbringen wir unsere Zeit vor allem drau\u00dfen, spielen Spiele oder basteln in unserem Bienenhaus. Du m\u00f6chtest andere in deinem Alter kennenlernen, dich austoben und viel Spa\u00df [&hellip;]<\/p>\n","protected":false},"author":4,"featured_media":0,"parent":123,"menu_order":0,"comment_status":"closed","ping_status":"closed","template":"","meta":{"footnotes":""},"class_list":["post-145","page","type-page","status-publish","hentry"],"_links":{"self":[{"href":"https:\/\/www.pfadfinder-excalibur.de\/index.php\/wp-json\/wp\/v2\/pages\/145","targetHints":{"allow":["GET"]}}],"collection":[{"href":"https:\/\/www.pfadfinder-excalibur.de\/index.php\/wp-json\/wp\/v2\/pages"}],"about":[{"href":"https:\/\/www.pfadfinder-excalibur.de\/index.php\/wp-json\/wp\/v2\/types\/page"}],"author":[{"embeddable":true,"href":"https:\/\/www.pfadfinder-excalibur.de\/index.php\/wp-json\/wp\/v2\/users\/4"}],"replies":[{"embeddable":true,"href":"https:\/\/www.pfadfinder-excalibur.de\/index.php\/wp-json\/wp\/v2\/comments?post=145"}],"version-history":[{"count":2,"href":"https:\/\/www.pfadfinder-excalibur.de\/index.php\/wp-json\/wp\/v2\/pages\/145\/revisions"}],"predecessor-version":[{"id":416,"href":"https:\/\/www.pfadfinder-excalibur.de\/index.php\/wp-json\/wp\/v2\/pages\/145\/revisions\/416"}],"up":[{"embeddable":true,"href":"https:\/\/www.pfadfinder-excalibur.de\/index.php\/wp-json\/wp\/v2\/pages\/123"}],"wp:attachment":[{"href":"https:\/\/www.pfadfinder-excalibur.de\/index.php\/wp-json\/wp\/v2\/media?parent=145"}],"curies":[{"name":"wp","href":"https:\/\/api.w.org\/{rel}","templated":true}]}}