{"id":123,"date":"2018-11-18T19:29:25","date_gmt":"2018-11-18T19:29:25","guid":{"rendered":"https:\/\/www.pfadfinder-excalibur.de\/?page_id=123"},"modified":"2024-10-19T15:02:30","modified_gmt":"2024-10-19T15:02:30","slug":"wir","status":"publish","type":"page","link":"https:\/\/www.pfadfinder-excalibur.de\/index.php\/wir\/","title":{"rendered":"WIR"},"content":{"rendered":"<p>Wir haben im Moment 7 aktive Gruppen:<\/p>\n<p><a href=\"https:\/\/www.pfadfinder-excalibur.de\/index.php\/meute-merlin\/\">Meute Merlin<\/a>: 6-11 Jahre<\/p>\n<p><a href=\"https:\/\/www.pfadfinder-excalibur.de\/index.php\/wir\/sippe-wigamur\/\"><span style=\"text-decoration: underline;\">Sippe<\/span><span style=\"text-decoration: underline;\"> Wigamur<\/span><\/a>: 13-15 Jahre<\/p>\n<p><a href=\"https:\/\/www.pfadfinder-excalibur.de\/index.php\/wir\/sippe-agravaine\/\">Sippe Agravaine<\/a>: 13-15 Jahre (Jungen)<\/p>\n<p><a href=\"https:\/\/www.pfadfinder-excalibur.de\/index.php\/wir\/sippe-safir\/\">Sippe Safir<\/a>: 13-15 Jahre (M\u00e4dchen)<\/p>\n<p><a href=\"https:\/\/www.pfadfinder-excalibur.de\/index.php\/sippe-camelot\/\">Sippe Camelot<\/a>: 11-13 Jahre (gemischt)<\/p>\n<p><a href=\"https:\/\/www.pfadfinder-excalibur.de\/index.php\/sippe-yvain\/\">Runde &#8230;.<\/a>: ab 17 Jahren<\/p>\n<p><a href=\"https:\/\/www.pfadfinder-excalibur.de\/index.php\/runde-pendragon\/\">Runde Pendragon<\/a><\/p>\n<p>Au\u00dferdem bauen wir stetig neue Gruppen auf.<\/p>\n<p>Falls ihr mehr \u00fcber die Pfadfinderei wissen wollt oder Interesse habt mal vorbei zu schauen, dann schreibt doch eine E-Mail an eine der Gruppenf\u00fchrungen unter der Rubrik <a href=\"https:\/\/www.pfadfinder-excalibur.de\/index.php\/willkommen\/kontakt\/\">Kontakt<\/a>. Wir beraten euch gerne beim Suchen einer passenden Gruppe.<\/p>\n","protected":false},"excerpt":{"rendered":"<p>Wir haben im Moment 7 aktive Gruppen: Meute Merlin: 6-11 Jahre Sippe Wigamur: 13-15 Jahre Sippe Agravaine: 13-15 Jahre (Jungen) Sippe Safir: 13-15 Jahre (M\u00e4dchen) Sippe Camelot: 11-13 Jahre (gemischt) Runde &#8230;.: ab 17 Jahren Runde Pendragon Au\u00dferdem bauen wir stetig neue Gruppen auf. Falls ihr mehr \u00fcber die Pfadfinderei wissen wollt oder Interesse habt [&hellip;]<\/p>\n","protected":false},"author":4,"featured_media":547,"parent":0,"menu_order":0,"comment_status":"closed","ping_status":"closed","template":"","meta":{"footnotes":""},"class_list":["post-123","page","type-page","status-publish","has-post-thumbnail","hentry"],"_links":{"self":[{"href":"https:\/\/www.pfadfinder-excalibur.de\/index.php\/wp-json\/wp\/v2\/pages\/123","targetHints":{"allow":["GET"]}}],"collection":[{"href":"https:\/\/www.pfadfinder-excalibur.de\/index.php\/wp-json\/wp\/v2\/pages"}],"about":[{"href":"https:\/\/www.pfadfinder-excalibur.de\/index.php\/wp-json\/wp\/v2\/types\/page"}],"author":[{"embeddable":true,"href":"https:\/\/www.pfadfinder-excalibur.de\/index.php\/wp-json\/wp\/v2\/users\/4"}],"replies":[{"embeddable":true,"href":"https:\/\/www.pfadfinder-excalibur.de\/index.php\/wp-json\/wp\/v2\/comments?post=123"}],"version-history":[{"count":13,"href":"https:\/\/www.pfadfinder-excalibur.de\/index.php\/wp-json\/wp\/v2\/pages\/123\/revisions"}],"predecessor-version":[{"id":826,"href":"https:\/\/www.pfadfinder-excalibur.de\/index.php\/wp-json\/wp\/v2\/pages\/123\/revisions\/826"}],"wp:featuredmedia":[{"embeddable":true,"href":"https:\/\/www.pfadfinder-excalibur.de\/index.php\/wp-json\/wp\/v2\/media\/547"}],"wp:attachment":[{"href":"https:\/\/www.pfadfinder-excalibur.de\/index.php\/wp-json\/wp\/v2\/media?parent=123"}],"curies":[{"name":"wp","href":"https:\/\/api.w.org\/{rel}","templated":true}]}}