{"id":119,"date":"2018-11-18T19:28:03","date_gmt":"2018-11-18T19:28:03","guid":{"rendered":"https:\/\/www.pfadfinder-excalibur.de\/?page_id=119"},"modified":"2024-10-30T13:31:44","modified_gmt":"2024-10-30T13:31:44","slug":"pfadfinder","status":"publish","type":"page","link":"https:\/\/www.pfadfinder-excalibur.de\/index.php\/pfadfinder\/","title":{"rendered":"Pfadfinder?!"},"content":{"rendered":"\n<h3 class=\"wp-block-heading\"><strong>Was machen wir?<\/strong><\/h3>\n\n\n\n<p>Pfadfinden ist die gr\u00f6\u00dfte Jugendbildungsbewegung der Welt mit \u00fcber 50 Millionen Mitgliedern. Wir geben Kindern und Jugendlichen durch wertebasierte Programme au\u00dferhalb der Schule den Raum und das Handwerkszeug, um weltoffene, erf\u00fcllte B\u00fcrger*innen zu werden, die ihr Umfeld und die Welt positiv mitgestalten.<\/p>\n\n\n\n<h3 class=\"wp-block-heading\"><strong>Wie machen wir das?<\/strong><\/h3>\n\n\n\n<p>Wir leben und lernen in der Natur und in Kleingruppen Gleichaltriger. Wir finden Learning By Doing mit der Unterst\u00fctzung Erwachsener wichtig und setzen uns f\u00fcr die Gemeinschaft ein, in der wir leben \u2013 im Gro\u00dfen wie im  Kleinen. \u00dcber all dem spannt sich ein symbolischer Rahmen, zu dem ein  Versprechen und unsere Kluft und unser Halstuch z\u00e4hlen.<\/p>\n\n\n\n<p>Klar, in f\u00fcnf Tagen 90 Kilometer wandern, weil die Sippenf\u00fchrung zu bl\u00f6d war, die Strecke richtig zu planen oder am Strand mal die Blasen zu k\u00fchlen  sind kleine Erlebnisse, die h\u00e4ngen bleiben, aber es sind auch noch andere  Dinge, die uns vielleicht selbst in erster Linie nicht auffallen:<\/p>\n\n\n\n<p>Wir  bilden Kinder und Jugendliche auf die verschiedensten Arten: Manchmal vermitteln wir Projektmanagement oder auch Empathie, wenn es im Programm solange nicht weitergeht, bis die Wunde des Sipplings verarztet ist. Und manchmal besch\u00e4ftigen wir uns sehr konkret mit Themen, zu denen sich unsere Mitglieder eine Meinung und eine Haltung bilden: Nachhaltigkeit, Demokratie, Vielfalt. Alles, was wir tun, hat als Hintergrund, Kindern und Jugendlichen etwas zu vermitteln, auch wenn wir das vor lauter Spa\u00df und netten Menschen oft nicht im Vordergrund sehen.<\/p>\n\n\n\n<p><strong>Falls du Bock hast, noch mehr \u00fcber die Pfadfinder in unserem Bund zu erfahren, schau doch gern mal auf der Seite vom BdP vorbei: <a href=\"https:\/\/www.pfadfinden.de\">https:\/\/www.pfadfinden.de<\/a><\/strong><\/p>\n","protected":false},"excerpt":{"rendered":"<p>Was machen wir? Pfadfinden ist die gr\u00f6\u00dfte Jugendbildungsbewegung der Welt mit \u00fcber 50 Millionen Mitgliedern. Wir geben Kindern und Jugendlichen durch wertebasierte Programme au\u00dferhalb der Schule den Raum und das Handwerkszeug, um weltoffene, erf\u00fcllte B\u00fcrger*innen zu werden, die ihr Umfeld und die Welt positiv mitgestalten. Wie machen wir das? Wir leben und lernen in der [&hellip;]<\/p>\n","protected":false},"author":4,"featured_media":0,"parent":0,"menu_order":0,"comment_status":"closed","ping_status":"closed","template":"","meta":{"footnotes":""},"class_list":["post-119","page","type-page","status-publish","hentry"],"_links":{"self":[{"href":"https:\/\/www.pfadfinder-excalibur.de\/index.php\/wp-json\/wp\/v2\/pages\/119","targetHints":{"allow":["GET"]}}],"collection":[{"href":"https:\/\/www.pfadfinder-excalibur.de\/index.php\/wp-json\/wp\/v2\/pages"}],"about":[{"href":"https:\/\/www.pfadfinder-excalibur.de\/index.php\/wp-json\/wp\/v2\/types\/page"}],"author":[{"embeddable":true,"href":"https:\/\/www.pfadfinder-excalibur.de\/index.php\/wp-json\/wp\/v2\/users\/4"}],"replies":[{"embeddable":true,"href":"https:\/\/www.pfadfinder-excalibur.de\/index.php\/wp-json\/wp\/v2\/comments?post=119"}],"version-history":[{"count":4,"href":"https:\/\/www.pfadfinder-excalibur.de\/index.php\/wp-json\/wp\/v2\/pages\/119\/revisions"}],"predecessor-version":[{"id":819,"href":"https:\/\/www.pfadfinder-excalibur.de\/index.php\/wp-json\/wp\/v2\/pages\/119\/revisions\/819"}],"wp:attachment":[{"href":"https:\/\/www.pfadfinder-excalibur.de\/index.php\/wp-json\/wp\/v2\/media?parent=119"}],"curies":[{"name":"wp","href":"https:\/\/api.w.org\/{rel}","templated":true}]}}